{"id":920,"date":"2021-05-11T13:41:21","date_gmt":"2021-05-11T11:41:21","guid":{"rendered":"https:\/\/vcakursai.lt\/?page_id=920"},"modified":"2022-08-17T16:18:03","modified_gmt":"2022-08-17T14:18:03","slug":"naudojami-slapukai","status":"publish","type":"page","link":"https:\/\/test.vcakursai.lt\/?page_id=920","title":{"rendered":"Naudojami slapukai"},"content":{"rendered":"\n\n<p><strong>SLAPUK\u0172 POLITIKA<\/strong><\/p>\n<p><strong>U\u017edaroji akcin\u0117 bendrov\u0117 \u201eSDG&#8221;<\/strong> (toliau &#8211; \u012emon\u0117) r\u016bpinasi J\u016bs\u0173 duomen\u0173 saugumu. Esame \u012fsipareigoj\u0119 saugoti bei atsakingai tvarkyti J\u016bs\u0173 asmens duomenis. \u0160iame dokumente pateikiame informacij\u0105 apie tai, kaip tvarkome J\u016bs\u0173 asmens duomenis naudodami slapukus (angl. &#8211; Cookies).<\/p>\n<p>Asmens duomenys tvarkomi vadovaujantis Europos S\u0105jungos Bendruoju duomen\u0173 apsaugos reglamentu (ES) 2016\/679 (toliau &#8211; Reglamentas), Lietuvos Respublikos asmens duomen\u0173 teisin\u0117s apsaugos \u012fstatymu bei kitais teis\u0117s aktais, reglamentuojan\u010diais asmens duomen\u0173 apsaug\u0105.<\/p>\n<p><strong>\u00a0<\/strong><\/p>\n<ol>\n<li><strong>SLAPUK\u0172 NAUDOJIMAS<\/strong><\/li>\n<\/ol>\n<p><strong>\u00a0<\/strong><\/p>\n<p>1.1. \u012emon\u0117s<strong> interneto svetain\u0117je naudojami slapukai (angl. &#8211; Cookies) &#8211; <\/strong>ma\u017eos tekstin\u0117s informacijos daleles, kurios yra automati\u0161kai sukuriamos nar\u0161ant svetain\u0117je ir yra saugomos asmens kompiuteryje ar kitame J\u016bs\u0173 naudojamame \u012frenginyje.<strong> Slapukai naudojami su tikslu gerinti nar\u0161ymo patirt\u012f svetain\u0117s lankytojams, analizuoti svetain\u0117s lankytoj\u0173 srautus bei elges\u012f interneto svetain\u0117je. <\/strong><\/p>\n<p>1.2. \u012emon\u0117<strong> interneto svetain\u0117je naudoja slapukus su tikslu tobulinti ir gerinti svetain\u0117s lankytoj\u0173 patirt\u012f.<\/strong><\/p>\n<p>1.3. \u012emon\u0117s interneto svetain\u0117je gali b\u016bti naudojamos \u0161ios slapuk\u0173 r\u016b\u0161ys:<\/p>\n<p><strong>1.3.1. Techniniai slapukai &#8211; <\/strong><strong>padeda svetain\u0117s lankytojui rodyti svetain\u0119 ir jos turin\u012f, padeda u\u017etikrinti interneto svetain\u0117s funkcionalum\u0105. Techniniai slapukai b\u016btini tinkamam interneto svetain\u0117s funkcionalumui.<\/strong><\/p>\n<p><strong>1.3.2. Funkciniai slapukai &#8211; <\/strong><strong>naudojami siekiant pad\u0117ti svetain\u0117s lankytojui naudotis <\/strong>\u012emon\u0117s<strong> interneto svetaine, prisiminti nar\u0161ymo metu atliktus pasirinkimus ir pageidavimus. Funkciniai slapukai n\u0117ra b\u016btini, kad interneto svetain\u0117 gal\u0117t\u0173 pilnai funkcionuoti, ta\u010diau jie prideda funkcionalumo ir pagerina J\u016bs\u0173 naudojimosi <\/strong>\u012emon\u0117s<strong> interneto svetaine patirt\u012f.<\/strong><\/p>\n<p><strong>1.3.3. Analitiniai slapukai &#8211; <\/strong><strong>naudojami siekiant gauti informacij\u0105 apie tai, kaip svetain\u0117s lankytojai naudoja <\/strong>\u012emon\u0117s<strong> interneto svetain\u0119. <\/strong>Tai reikalinga tam, kad gal\u0117tum\u0117me \u012emon\u0117s interneto svetain\u0119 optimizuoti bei j\u0105 pagerinti. Analitini\u0173 slapuk\u0173 pagalba galime rinkti duomenis apie j\u016bs\u0173 per\u017ei\u016br\u0117tus internetinius puslapius, i\u0161 kuri\u0173 puslapi\u0173 at\u0117jote, kokius el. lai\u0161kus atv\u0117r\u0117te ir \u012f kuriuos sureagavote bei informacij\u0105 apie dat\u0105 ir laik\u0105. Tai taip pat rei\u0161kia, kad galime naudoti informacij\u0105 apie Jus ir tai, kaip naudojate \u0161i\u0105 svetain\u0119, pavyzd\u017eiui, apsilankymo da\u017enum\u0105, paspaudim\u0173 skai\u010di\u0173 tam tikrame puslapyje, naudotus paie\u0161kos \u017eod\u017eius ir kt.<\/p>\n<p><strong>1.3.4. Komerciniai slapukai (tiksliniai arba reklaminiai slapukai) &#8211; <\/strong>naudojami siekiant pateikti suasmenint\u0105 reklama \u012emon\u0117s interneto svetain\u0117s lankytojui. Tai vadinama \u201epakartotine rinkodara&#8221;, kuri pagr\u012fsta nar\u0161ymo veiksmais, pavyzd\u017eiui, j\u016bs\u0173 ie\u0161kotomis, per\u017ei\u016br\u0117tomis prek\u0117mis ir\/ar paslaugomis.<\/p>\n<p>1.4. Prieig\u0105 prie statistini\u0173 duomen\u0173 apie \u012emon\u0117s svetain\u0117s lankytojus turi \u012emon\u0117s darbuotojai, kurie yra atsakingi u\u017e \u0161i\u0173 duomen\u0173 analiz\u0119 ir interneto svetain\u0117s tobulinim\u0105.<\/p>\n<p>1.5. Prieig\u0105 prie technini\u0173 \u012fra\u0161\u0173 taip pat gali tur\u0117ti \u012emon\u0117s partneriai, kurie teikia \u012emon\u0117s interneto svetain\u0117s turinio valdymo \u012frankius.<\/p>\n<p>1.6. \u201eGoogle Analytics&#8221; \u012frank\u012f suteikia JAV \u012fmon\u0117 \u201eGoogle Inc.&#8221;, tad ji taip pat turi prieig\u0105 prie \u201eGoogle Analytics&#8221; \u012frankiu surinkt\u0173 statistini\u0173 duomen\u0173. \u0160iam teik\u0117jui taikomi sutartiniai bei teis\u0117s aktuose numatyti \u012fpareigojimai u\u017etikrinti privatum\u0105.<\/p>\n<p>1.7. Slapukais surinkti duomenys \u012emon\u0117je yra saugomi ne ilgiau, negu reikia duomen\u0173 tvarkymo tikslams pasiekti arba ne ilgiau nei to reikalauja duomen\u0173 subjektai ir (ar) numato teis\u0117s aktai.<\/p>\n<p>1.8. I\u0161samesn\u0119 informacij\u0105 apie slapukus galite rasti adresu: <a href=\"http:\/\/allaboutcookies.org\">org<\/a>.<\/p>\n<p><strong>1.9. Jeigu nesutinkate, kad mes naudotum\u0117me slapukus, J\u016bs turite galimyb\u0119 pakeisti savo interneto nar\u0161ykl\u0117s nustatymus bei kontroliuoti slapuk\u0173 kiek\u012f. Naudingas nuorodas, kaip atsisakyti slapuk\u0173, rasite \u017eemiau:<\/strong><\/p>\n<ul>\n<li><strong>Chrome<\/strong><strong> nar\u0161yklei: <a href=\"https:\/\/support.google.com\/chrome\/answer\/95647?hl=en\">https:\/\/support.google.com\/chrome\/answer\/95647?hl=en<\/a>; <\/strong><\/li>\n<li><strong>Firefox<\/strong><strong> nar\u0161yklei: <a href=\"https:\/\/support.mozilla.org\/en-US\/kb\/cookies-information-websites-store-on-your-computer?redirectlocale=en-US&amp;redirectslug=Cookies\">https:\/\/support.mozilla.org\/en-US\/kb\/cookies-information-websites-store-on-your-computer?redirectlocale=en-US&amp;redirectslug=Cookies<\/a>; <\/strong><\/li>\n<li><strong>Safari<\/strong><strong> nar\u0161yklei: <a href=\"https:\/\/support.apple.com\/guide\/safari\/manage-cookies-and-website-data-sfri11471\/mac\">https:\/\/support.apple.com\/guide\/safari\/manage-cookies-and-website-data-sfri11471\/mac<\/a>; <\/strong><\/li>\n<li><strong>Edge<\/strong><strong> nar\u0161yklei: <\/strong><strong><a href=\"https:\/\/support.microsoft.com\/en-us\/help\/4468242\/microsoft-edge-browsing-data-and-privacy-microsoft-privacy\">https:\/\/support.microsoft.com\/en-us\/help\/4468242\/microsoft-edge-browsing-data-and-privacy-microsoft-privacy<\/a><\/strong><strong>. <\/strong><\/li>\n<\/ul>\n<p>&nbsp;<\/p>\n<ol start=\"2\">\n<li><strong>INTERNETO SVETAIN\u0116JE NAUDOJAM\u0172 SLAPUK\u0172 APRA\u0160YMAI<\/strong><\/li>\n<\/ol>\n<p>&nbsp;<\/p>\n<table width=\"643\">\n<tbody>\n<tr>\n<td width=\"142\"><strong>Slapuko pavadinimas<\/strong><\/td>\n<td width=\"284\"><strong>Slapuko tikslo apra\u0161ymas<\/strong><\/td>\n<td width=\"123\"><strong>Tiek\u0117jas<\/strong><\/td>\n<td width=\"95\"><strong>Galiojimas<\/strong><\/td>\n<\/tr>\n<tr>\n<td width=\"142\"><strong>_fbp<\/strong><\/td>\n<td width=\"284\">\u201eFacebook&#8221; reklamavimo tikslais naudojamas slapukas.<\/td>\n<td width=\"123\">.vcakursai.lt<\/td>\n<td width=\"95\">3 m\u0117nesiai<\/td>\n<\/tr>\n<tr>\n<td width=\"142\"><strong>_ga_LHR79Q3ZJG<\/strong><\/td>\n<td width=\"284\">\u201eGoogle Analytics&#8221; slapukas.<\/td>\n<td width=\"123\">.vcakursai.lt<\/td>\n<td width=\"95\">2 metai<\/td>\n<\/tr>\n<tr>\n<td width=\"142\"><strong>_ga<\/strong><\/td>\n<td width=\"284\">Daugeliu atvej\u0173 \u0161is slapukas naudojamas norint nustatyti unikalius puslapio lankytojus ir jis atnaujinamas kiekvieno puslapio rodinyje. Be to, \u0161iam slapukui suteikiamas unikalus identifikatorius, kur\u012f \u201eGoogle Analytics&#8221; naudoja siekiant u\u017etikrinti slapuko galiojim\u0105 ir prieinamum\u0105 kaip papildom\u0105 saugumo priemon\u0119.<\/td>\n<td width=\"123\">.vcakursai.lt<\/td>\n<td width=\"95\">2 metai<\/td>\n<\/tr>\n<tr>\n<td width=\"142\"><strong>CONSENT<\/strong><\/td>\n<td width=\"284\">\u201eYouTube&#8221; nustato \u0161\u012f slapuk\u0105 naudojant \u012fterptus \u201eYouTube&#8221; vaizdo \u012fra\u0161us ir registruoja anoniminius statistinius duomenis.<\/td>\n<td width=\"123\">.google.com<\/td>\n<td width=\"95\">2 metai<\/td>\n<\/tr>\n<tr>\n<td width=\"142\"><strong>cookielawinfo-checkbox-necessary<\/strong><\/td>\n<td width=\"284\">Slapukas i\u0161saugo duomenis, kad vartotojas sutinka su tinklalapio slapuk\u0173 politika.<\/td>\n<td width=\"123\">vcakursai.lt<\/td>\n<td width=\"95\">1 metai<\/td>\n<\/tr>\n<tr>\n<td width=\"142\"><strong>cookielawinfo-checkbox-functional<\/strong><\/td>\n<td width=\"284\">Slapuk\u0105 nustato BDAR sutikimas \u012fra\u0161yti vartotojo sutikim\u0105 d\u0117l slapuk\u0173 kategorijoje \u201eFunkcinis&#8221;.<\/td>\n<td width=\"123\">vcakursai.lt<\/td>\n<td width=\"95\">1 metai<\/td>\n<\/tr>\n<tr>\n<td width=\"142\"><strong>cookielawinfo-checkbox-performance<\/strong><\/td>\n<td width=\"284\">\u0160\u012f slapuk\u0105 nustato BDAR slapuko sutikimo papildinys. Slapukas naudojamas saugoti vartotojo sutikim\u0105 d\u0117l kategorijos \u201eFunkcinis&#8221; slapuk\u0173.<\/td>\n<td width=\"123\">vcakursai.lt<\/td>\n<td width=\"95\">1 metai<\/td>\n<\/tr>\n<tr>\n<td width=\"142\"><strong>cookielawinfo-checkbox-analytics<\/strong><\/td>\n<td width=\"284\">\u0160iuos slapukus nustato BDAR slapuko sutikimo \u201eWordPress&#8221; papildinys. Slapukas naudojamas prisiminti vartotojo sutikim\u0105 d\u0117l kategorijos \u201eAnalitinis&#8221; slapuk\u0173.<\/td>\n<td width=\"123\">vcakursai.lt<\/td>\n<td width=\"95\">1 metai<\/td>\n<\/tr>\n<tr>\n<td width=\"142\"><strong>cookielawinfo-checkbox-advertisement<\/strong><\/td>\n<td width=\"284\">Slapukas nustatomas pagal BDAR slapuk\u0173 sutikim\u0105 \u012fra\u0161yti vartotojo sutikim\u0105 d\u0117l slapuk\u0173 kategorijoje \u201eReklaminis&#8221;.<\/td>\n<td width=\"123\">vcakursai.lt<\/td>\n<td width=\"95\">1 metai<\/td>\n<\/tr>\n<tr>\n<td width=\"142\"><strong>cookielawinfo-checkbox-others<\/strong><\/td>\n<td width=\"284\">Tai slapukai, kurie yra analizuojami ir dar n\u0117ra priskirti kategorijai.<\/td>\n<td width=\"123\">vcakursai.lt<\/td>\n<td width=\"95\">1 metai<\/td>\n<\/tr>\n<tr>\n<td width=\"142\"><strong>_lscache_vary<\/strong><\/td>\n<td width=\"284\">Svetain\u0117s veikimo spartinimo \u012frankio slapukas.<\/td>\n<td width=\"123\">vcakursai.lt<\/td>\n<td width=\"95\">2 dienos<\/td>\n<\/tr>\n<\/tbody>\n<\/table>\n\n","protected":false},"excerpt":{"rendered":"<p>SLAPUK\u0172 POLITIKA U\u017edaroji akcin\u0117 bendrov\u0117 \u201eSDG&#8221; (toliau &#8211; \u012emon\u0117) r\u016bpinasi J\u016bs\u0173 duomen\u0173 saugumu. Esame \u012fsipareigoj\u0119 saugoti bei atsakingai tvarkyti J\u016bs\u0173 asmens duomenis. \u0160iame dokumente pateikiame informacij\u0105 apie tai, kaip tvarkome J\u016bs\u0173 asmens duomenis naudodami slapukus (angl. &#8211; Cookies). Asmens duomenys tvarkomi vadovaujantis Europos S\u0105jungos Bendruoju duomen\u0173 apsaugos reglamentu (ES) 2016\/679 (toliau &#8211; Reglamentas), Lietuvos Respublikos&hellip;&nbsp;<a href=\"https:\/\/test.vcakursai.lt\/?page_id=920\" class=\"\" rel=\"bookmark\">Read More &raquo;<span class=\"screen-reader-text\">Naudojami slapukai<\/span><\/a><\/p>\n","protected":false},"author":842,"featured_media":0,"parent":0,"menu_order":0,"comment_status":"closed","ping_status":"closed","template":"","meta":{"neve_meta_sidebar":"","neve_meta_container":"full-width","neve_meta_enable_content_width":"","neve_meta_content_width":0,"neve_meta_title_alignment":"","neve_meta_author_avatar":"","neve_post_elements_order":"","neve_meta_disable_header":"","neve_meta_disable_footer":"","neve_meta_disable_title":"on","footnotes":""},"class_list":["post-920","page","type-page","status-publish","hentry"],"_links":{"self":[{"href":"https:\/\/test.vcakursai.lt\/index.php?rest_route=\/wp\/v2\/pages\/920","targetHints":{"allow":["GET"]}}],"collection":[{"href":"https:\/\/test.vcakursai.lt\/index.php?rest_route=\/wp\/v2\/pages"}],"about":[{"href":"https:\/\/test.vcakursai.lt\/index.php?rest_route=\/wp\/v2\/types\/page"}],"author":[{"embeddable":true,"href":"https:\/\/test.vcakursai.lt\/index.php?rest_route=\/wp\/v2\/users\/842"}],"replies":[{"embeddable":true,"href":"https:\/\/test.vcakursai.lt\/index.php?rest_route=%2Fwp%2Fv2%2Fcomments&post=920"}],"version-history":[{"count":12,"href":"https:\/\/test.vcakursai.lt\/index.php?rest_route=\/wp\/v2\/pages\/920\/revisions"}],"predecessor-version":[{"id":1858,"href":"https:\/\/test.vcakursai.lt\/index.php?rest_route=\/wp\/v2\/pages\/920\/revisions\/1858"}],"wp:attachment":[{"href":"https:\/\/test.vcakursai.lt\/index.php?rest_route=%2Fwp%2Fv2%2Fmedia&parent=920"}],"curies":[{"name":"wp","href":"https:\/\/api.w.org\/{rel}","templated":true}]}}