{"id":229,"date":"2020-01-13T11:17:52","date_gmt":"2020-01-13T09:17:52","guid":{"rendered":"https:\/\/demosites.io\/web-agency-gb\/?page_id=5"},"modified":"2024-06-21T07:12:59","modified_gmt":"2024-06-21T05:12:59","slug":"15c42-web-agency-gb-home","status":"publish","type":"page","link":"https:\/\/test.vcakursai.lt\/","title":{"rendered":"Pagrindinis"},"content":{"rendered":"\n\n\t<p>Planuoji dirbti u\u017esienyje?<\/p>\n<p>Darbuotoj\u0173 ir vadov\u0173 saugos ir sveikatos sertifikavimas<\/p>\n\t<p>*ORGANIZUOJAME B-VCA IR VOL-VCA EGZAMINUS<\/p>\n\t\t\t\t<img decoding=\"async\" src=\"https:\/\/test.vcakursai.lt\/wp-content\/plugins\/beaver-builder-lite-version\/img\/pixel.png\" alt=\"\" itemprop=\"image\" onerror=\"this.style.display='none'\"  \/>\n\t\t\t<a href=\"https:\/\/test.vcakursai.lt\/?page_id=15\" target=\"_self\" rel=\"noopener\">\n\t\t\t\t\t\t\tREGISTRUOTIS\n\t\t\t\t\t<\/a>\n\t\t\t<a href=\"\" target=\"_self\" rel=\"noopener\">\n\t\t\t\t\t\t\tKURS\u0172 KAINA 225 \u20ac + PVM\n\t\t\t\t\t<\/a>\n\t<p>\u00a0 \u00a0 \u00a0 \u00a0 \u00a0 \u00a0 \u00a0 \u00a0 ARTIMIAUSIOS EGZAMIN\u0172 DATOS<\/p>\n\t<p><strong>\u00a0 \u00a0 \u00a0 \u00a0 \u00a0 \u00a0 \u00a0 Kaunas <\/strong><\/p>\n<p>\u00a0 \u00a0 \u00a0 \u00a0 \u00a0 \u00a0 \u00a0 \u00a02024 liepos 4 d.<\/p>\n<p>\u00a0 \u00a0 \u00a0 \u00a0 \u00a0 \u00a0 \u00a0 \u00a02024 liepos 18 d.<\/p>\n<p><strong>\u00a0 \u00a0 \u00a0 \u00a0 \u00a0 \u00a0 \u00a0 Olandija (Oosterhout)<\/strong><\/p>\n<p>\u00a0 \u00a0 \u00a0 \u00a0 \u00a0 \u00a0 \u00a0 \u00a0Pagal susitarim\u0105<\/p>\n<p>&nbsp;<\/p>\n\t<p>RANGOV\u0172 SAUGOS SERTIFIKAVIMAS<\/p>\n\t<p>Sertifikatas galioja Nyderlanduose (Olandijoje), Vokietijoje, Austrijoje, \u0160veicarijoje, Skandinavijoje (\u0160vedijoje, Suomijoje, Norvegijoje) ir Belgijoje.<\/p>\n\t<p>GALIMYB\u0116 MOKYTIS SAVARANKI\u0160KAI<\/p>\n\t<p>Suskaitmenintas mokym\u0173 turinys mokymams nuotoliniu b\u016bdu.<\/p>\n\t<p>S\u0116KMINGAI I\u0160LAIKIUS EGZAMIN\u0104 YRA I\u0160DUODAMAS VCA (B-VCA arba VOL-VCA) SERTIFIKATAS<\/p>\n\t<p>Sertifikatas galioja 10 met\u0173.<\/p>\n<h2>\n\t\tB-VCA IR VOL-VCA KURSAI\n\t<\/h2>\n\t<p><strong>B-VCA<\/strong><strong>\u00a0<\/strong>(darbuotoj\u0173) ir\u00a0<strong>VOL-VCA<\/strong> (vadov\u0173)- darbo saugos ir sveikatos sertifikatas. \u0160\u012f sertifikat\u0105 privaloma tur\u0117ti norint dirbti potencialiai sveikatai pavojingo pob\u016bd\u017eio darbuose, tokiuose kaip statybos, gamyba, darbas sand\u0117liuose, etc. Norint \u012fsidarbinti Nyderlanduose (Olandijoje), Vokietijoje, Austrijoje, \u0160veicarijoje, Skandinavijoje (\u0160vedijoje, Suomijoje, Norvegijoje) ir Belgijoje darbdavys gali J\u016bs\u0173 pareikalauti pateikti \u0161\u012f darb\u0173 saugos sertifikat\u0105.<\/p>\n<p>&nbsp;<\/p>\n\t<p>Sertifikatas suteikiamas pabaigus <strong>B-VCA<\/strong> ar <strong>VOL-VCA<\/strong> kursus ir i\u0161laikius egzamin\u0105. Norint u\u017esiregistruoti \u012f \u0161iuos kursus ir gauti VCA sertifikat\u0105, spauskite \u017eemiau esant\u012f mygtuk\u0105 \u201e<em>Registruotis<\/em>&#8221; arba susisiekite su mumis\u00a0 <em>mokymas@sdg.lt.<\/em><\/p>\n<p>Patvirtinus J\u016bs\u0173 registracij\u0105 atsi\u0173sime prisijungimo duomenis, kad gal\u0117tum\u0117te naudotis mokom\u0105ja med\u017eiaga.<\/p>\n<p>Prie\u0161 mokymus Jus b\u016btinai informuosime apie egzamino dien\u0105. Nuotolini\u0173 kurs\u0173 metu suteiksime Jums galimyb\u0119 nemokamai i\u0161laikyti bandom\u0105j\u012f test\u0105 ir pasiruo\u0161ti egzaminui.<\/p>\n\t<p>Visi fiziniai asmenys \u0161iuos kursus mokosi individualiai, t.y. J\u016bs tur\u0117site galimyb\u0119, Jums patogiu metu, prisijungti prie skaitmeninio mokym\u0173 turinio. Naudotis mokom\u0105ja med\u017eiaga gal\u0117site\u00a0nuo registracijos prad\u017eios iki egzamino dienos.<\/p>\n<p>Kurs\u0173 metu susipa\u017einsite su darb\u0173 saugos teis\u0117s aktais, rizikos faktoriais, nelaiming\u0173 atsitikim\u0173 ir katastrof\u0173 situacijomis, pavojingomis med\u017eiagomis, gaisro ir sprogim\u0173 apsaugos priemon\u0117mis, saugos \u012frankiais ir ma\u0161inomis, elektros keliamais pavojais, k\u0117limo pavojais, darbo auk\u0161tyje sauga, darbu pavojingose zonose, darb\u0173 saugos ergonomika ir asmens apsaugos priemon\u0117mis.<\/p>\n<p>Esant poreikiui, m\u016bs\u0173 mokym\u0173 specialistas gali atvykti \u012f J\u016bs\u0173 \u012fmon\u0119 apmokyti darbuotojus. Mokym\u0173 konkre\u010dioje \u012fmon\u0117je trukm\u0117 1 d.<\/p>\n<p><em>*B-VCA mokymai vyksta lietuvi\u0173 kalba.<\/em><\/p>\n<p><em>*VOL-VCA mokymai vyksta angl\u0173 kalba.<\/em><\/p>\n\t<p>Egzaminas vyksta nurodyt\u0105 dien\u0105, adresu Draugyst\u0117s g. 8E, Kaune esan\u010dioje mokym\u0173 klas\u0117je arba atskiru susitarimu J\u016bs\u0173 nurodytu adresu visoje Lietuvoje.<\/p>\n<p><strong>B-VCA<\/strong> egzaminas sudarytas i\u0161 40 testini\u0173 klausim\u0173 ir trunka 1 val. Yra galimyb\u0117 laikyti egzamin\u0105 ne tik lietuvi\u0173, bet ir angl\u0173 ar rus\u0173 kalbomis.<\/p>\n<p><strong>VOL-VCA<\/strong> egzaminas sudarytas i\u0161 70 testini\u0173 klausim\u0173 ir trunka 1 val. 15 min. Egzaminas laikomas tik angl\u0173 kalba.<\/p>\n<p>S\u0117kmingai i\u0161laikius egzamin\u0105 elektroniniai sertifikatai i\u0161duodami sekan\u010di\u0105 dien\u0105.<\/p>\n<p>&nbsp;<\/p>\n\t\t\t\t<img loading=\"lazy\" decoding=\"async\" src=\"https:\/\/test.vcakursai.lt\/wp-content\/uploads\/2021\/10\/image00016-1.jpeg\" alt=\"image00016\" itemprop=\"image\" height=\"559\" width=\"722\" title=\"image00016\" onerror=\"this.style.display='none'\"  \/>\n<h2>\n\t\tNORI PRAD\u0116TI \u0160IANDIEN? SUSISIEK SU MUMIS!\n\t<\/h2>\n\t\t\t<a href=\"https:\/\/test.vcakursai.lt\/?page_id=15\" target=\"_self\" rel=\"noopener\">\n\t\t\t\t\t\t\tREGISTRUOTIS\n\t\t\t\t\t<\/a>\n\t<p>Draugyst\u0117s g. 8E, LT-51264 Kaunas<\/p>\n\n","protected":false},"excerpt":{"rendered":"<p>Planuoji dirbti u\u017esienyje? Darbuotoj\u0173 ir vadov\u0173 saugos ir sveikatos sertifikavimas *ORGANIZUOJAME B-VCA IR VOL-VCA EGZAMINUS REGISTRUOTIS KURS\u0172 KAINA 225 \u20ac + PVM \u00a0 \u00a0 \u00a0 \u00a0 \u00a0 \u00a0 \u00a0 \u00a0 ARTIMIAUSIOS EGZAMIN\u0172 DATOS \u00a0 \u00a0 \u00a0 \u00a0 \u00a0 \u00a0 \u00a0 Kaunas \u00a0 \u00a0 \u00a0 \u00a0 \u00a0 \u00a0 \u00a0 \u00a02024 liepos 4 d. \u00a0 \u00a0 \u00a0&hellip;&nbsp;<a href=\"https:\/\/test.vcakursai.lt\/\" class=\"\" rel=\"bookmark\">Read More &raquo;<span class=\"screen-reader-text\">Pagrindinis<\/span><\/a><\/p>\n","protected":false},"author":842,"featured_media":0,"parent":0,"menu_order":0,"comment_status":"closed","ping_status":"closed","template":"","meta":{"neve_meta_sidebar":"default","neve_meta_container":"default","neve_meta_enable_content_width":"on","neve_meta_content_width":100,"neve_meta_title_alignment":"","neve_meta_author_avatar":"","neve_post_elements_order":"","neve_meta_disable_header":"","neve_meta_disable_footer":"","neve_meta_disable_title":"on","footnotes":""},"class_list":["post-229","page","type-page","status-publish","hentry"],"_links":{"self":[{"href":"https:\/\/test.vcakursai.lt\/index.php?rest_route=\/wp\/v2\/pages\/229","targetHints":{"allow":["GET"]}}],"collection":[{"href":"https:\/\/test.vcakursai.lt\/index.php?rest_route=\/wp\/v2\/pages"}],"about":[{"href":"https:\/\/test.vcakursai.lt\/index.php?rest_route=\/wp\/v2\/types\/page"}],"author":[{"embeddable":true,"href":"https:\/\/test.vcakursai.lt\/index.php?rest_route=\/wp\/v2\/users\/842"}],"replies":[{"embeddable":true,"href":"https:\/\/test.vcakursai.lt\/index.php?rest_route=%2Fwp%2Fv2%2Fcomments&post=229"}],"version-history":[{"count":186,"href":"https:\/\/test.vcakursai.lt\/index.php?rest_route=\/wp\/v2\/pages\/229\/revisions"}],"predecessor-version":[{"id":1942,"href":"https:\/\/test.vcakursai.lt\/index.php?rest_route=\/wp\/v2\/pages\/229\/revisions\/1942"}],"wp:attachment":[{"href":"https:\/\/test.vcakursai.lt\/index.php?rest_route=%2Fwp%2Fv2%2Fmedia&parent=229"}],"curies":[{"name":"wp","href":"https:\/\/api.w.org\/{rel}","templated":true}]}}